{"id":24,"date":"2024-05-17T22:30:44","date_gmt":"2024-05-17T19:30:44","guid":{"rendered":"https:\/\/fedenetim.com\/tur\/?page_id=24"},"modified":"2024-05-17T22:38:10","modified_gmt":"2024-05-17T19:38:10","slug":"hakkimizda","status":"publish","type":"page","link":"https:\/\/fedenetim.com\/tur\/hakkimizda\/","title":{"rendered":"Hakk\u0131m\u0131zda"},"content":{"rendered":"\t\t<div data-elementor-type=\"wp-page\" data-elementor-id=\"24\" class=\"elementor elementor-24\" data-elementor-post-type=\"page\">\n\t\t\t\t<div class=\"elementor-element elementor-element-938ab15 e-flex e-con-boxed e-con e-parent\" data-id=\"938ab15\" data-element_type=\"container\" data-e-type=\"container\" data-settings=\"{&quot;background_background&quot;:&quot;classic&quot;}\">\n\t\t\t\t\t<div class=\"e-con-inner\">\n\t\t\t\t\t<\/div>\n\t\t\t\t<\/div>\n\t\t<div class=\"elementor-element elementor-element-ad14960 e-flex e-con-boxed e-con e-parent\" data-id=\"ad14960\" data-element_type=\"container\" data-e-type=\"container\" data-settings=\"{&quot;background_background&quot;:&quot;classic&quot;}\">\n\t\t\t\t\t<div class=\"e-con-inner\">\n\t\t<div class=\"elementor-element elementor-element-00bcb62 e-con-full e-flex e-con e-child\" data-id=\"00bcb62\" data-element_type=\"container\" data-e-type=\"container\">\n\t\t\t\t<div class=\"elementor-element elementor-element-a1a549c elementor-widget elementor-widget-image\" data-id=\"a1a549c\" data-element_type=\"widget\" data-e-type=\"widget\" data-widget_type=\"image.default\">\n\t\t\t\t<div class=\"elementor-widget-container\">\n\t\t\t\t\t\t\t\t\t\t\t\t\t\t\t<img fetchpriority=\"high\" decoding=\"async\" width=\"600\" height=\"440\" src=\"https:\/\/fedenetim.com\/tur\/wp-content\/uploads\/2024\/05\/law_6.jpg\" class=\"attachment-large size-large wp-image-29\" alt=\"\" srcset=\"https:\/\/fedenetim.com\/tur\/wp-content\/uploads\/2024\/05\/law_6.jpg 600w, https:\/\/fedenetim.com\/tur\/wp-content\/uploads\/2024\/05\/law_6-300x220.jpg 300w\" sizes=\"(max-width: 600px) 100vw, 600px\" \/>\t\t\t\t\t\t\t\t\t\t\t\t\t\t\t<\/div>\n\t\t\t\t<\/div>\n\t\t\t\t<\/div>\n\t\t<div class=\"elementor-element elementor-element-8a55764 e-con-full e-flex e-con e-child\" data-id=\"8a55764\" data-element_type=\"container\" data-e-type=\"container\">\n\t\t\t\t<div class=\"elementor-element elementor-element-6c41538 elementor-widget elementor-widget-text-editor\" data-id=\"6c41538\" data-element_type=\"widget\" data-e-type=\"widget\" data-widget_type=\"text-editor.default\">\n\t\t\t\t<div class=\"elementor-widget-container\">\n\t\t\t\t\t\t\t\t\t<p><strong>FE DENET\u0130M<\/strong><\/p><p>20 y\u0131ll\u0131k tecr\u00fcbemizle FE Denetim olarak, \u00f6zel ve kamu sekt\u00f6r\u00fcnde faaliyet g\u00f6steren \u015firketlere deneyimli kadrolar\u0131m\u0131zla dan\u0131\u015fmanl\u0131k hizmetleri vermekteyiz.<br \/>Kadrolar\u0131m\u0131z i\u00e7erinde bulunan Sosyal G\u00fcvenlik uzmanlar\u0131, S.M.Mali M\u00fc\u015favirler ve Avukatlar\u0131m\u0131zdan her biri kendi alanlar\u0131nda uzmand\u0131r.<\/p>\t\t\t\t\t\t\t\t<\/div>\n\t\t\t\t<\/div>\n\t\t\t\t<\/div>\n\t\t\t\t\t<\/div>\n\t\t\t\t<\/div>\n\t\t\t\t<\/div>\n\t\t","protected":false},"excerpt":{"rendered":"<p>FE DENET\u0130M 20 y\u0131ll\u0131k tecr\u00fcbemizle FE Denetim olarak, \u00f6zel ve kamu sekt\u00f6r\u00fcnde faaliyet g\u00f6steren \u015firketlere deneyimli kadrolar\u0131m\u0131zla dan\u0131\u015fmanl\u0131k hizmetleri vermekteyiz.Kadrolar\u0131m\u0131z i\u00e7erinde bulunan Sosyal G\u00fcvenlik uzmanlar\u0131, S.M.Mali M\u00fc\u015favirler ve Avukatlar\u0131m\u0131zdan her biri kendi alanlar\u0131nda uzmand\u0131r.<\/p>\n","protected":false},"author":1,"featured_media":0,"parent":0,"menu_order":0,"comment_status":"closed","ping_status":"closed","template":"","meta":{"footnotes":""},"class_list":["post-24","page","type-page","status-publish","hentry"],"_links":{"self":[{"href":"https:\/\/fedenetim.com\/tur\/wp-json\/wp\/v2\/pages\/24","targetHints":{"allow":["GET"]}}],"collection":[{"href":"https:\/\/fedenetim.com\/tur\/wp-json\/wp\/v2\/pages"}],"about":[{"href":"https:\/\/fedenetim.com\/tur\/wp-json\/wp\/v2\/types\/page"}],"author":[{"embeddable":true,"href":"https:\/\/fedenetim.com\/tur\/wp-json\/wp\/v2\/users\/1"}],"replies":[{"embeddable":true,"href":"https:\/\/fedenetim.com\/tur\/wp-json\/wp\/v2\/comments?post=24"}],"version-history":[{"count":7,"href":"https:\/\/fedenetim.com\/tur\/wp-json\/wp\/v2\/pages\/24\/revisions"}],"predecessor-version":[{"id":32,"href":"https:\/\/fedenetim.com\/tur\/wp-json\/wp\/v2\/pages\/24\/revisions\/32"}],"wp:attachment":[{"href":"https:\/\/fedenetim.com\/tur\/wp-json\/wp\/v2\/media?parent=24"}],"curies":[{"name":"wp","href":"https:\/\/api.w.org\/{rel}","templated":true}]}}